{"id":12,"date":"2021-03-25T16:21:49","date_gmt":"2021-03-25T19:21:49","guid":{"rendered":"http:\/\/ffadel.com.br\/artigos\/?page_id=12"},"modified":"2021-04-08T17:12:47","modified_gmt":"2021-04-08T20:12:47","slug":"contato","status":"publish","type":"page","link":"https:\/\/ffadel.com.br\/artigos\/contato\/","title":{"rendered":"Contato"},"content":{"rendered":"\n<p>Nosso telefone para contato \u00e9 (11) 93036-4701.<\/p>\n\n\n\n<p>Mas se preferir, entre em contato atrav\u00e9s do link e seja redirecionado ao nosso WhatsApp Business: <a href=\"https:\/\/linktr.ee\/Fadel_Sociedadedeadv\">https:\/\/linktr.ee\/Fadel_Sociedadedeadv<\/a><\/p>\n\n\n\n<p>Ser\u00e1 um prazer atend\u00ea-lo.<\/p>\n\n\n\n<p><\/p>\n","protected":false},"excerpt":{"rendered":"<p>Nosso telefone para contato \u00e9 (11) 93036-4701. Mas se preferir, entre em contato atrav\u00e9s do link e seja redirecionado ao nosso WhatsApp Business: https:\/\/linktr.ee\/Fadel_Sociedadedeadv Ser\u00e1 um prazer atend\u00ea-lo.<\/p>\n","protected":false},"author":1,"featured_media":0,"parent":0,"menu_order":0,"comment_status":"closed","ping_status":"closed","template":"","meta":{"footnotes":""},"class_list":["post-12","page","type-page","status-publish","hentry"],"yoast_head":"<!-- This site is optimized with the Yoast SEO plugin v23.0 - https:\/\/yoast.com\/wordpress\/plugins\/seo\/ -->\n<title>Contato - Bem-vindo ao nosso blog jur\u00eddico!<\/title>\n<meta name=\"robots\" content=\"index, follow, max-snippet:-1, max-image-preview:large, max-video-preview:-1\" \/>\n<link rel=\"canonical\" href=\"https:\/\/ffadel.com.br\/artigos\/contato\/\" \/>\n<meta property=\"og:locale\" content=\"pt_BR\" \/>\n<meta property=\"og:type\" content=\"article\" \/>\n<meta property=\"og:title\" content=\"Contato - Bem-vindo ao nosso blog jur\u00eddico!\" \/>\n<meta property=\"og:description\" content=\"Nosso telefone para contato \u00e9 (11) 93036-4701. Mas se preferir, entre em contato atrav\u00e9s do link e seja redirecionado ao nosso WhatsApp Business: https:\/\/linktr.ee\/Fadel_Sociedadedeadv Ser\u00e1 um prazer atend\u00ea-lo.\" \/>\n<meta property=\"og:url\" content=\"https:\/\/ffadel.com.br\/artigos\/contato\/\" \/>\n<meta property=\"og:site_name\" content=\"Bem-vindo ao nosso blog jur\u00eddico!\" \/>\n<meta property=\"article:publisher\" content=\"https:\/\/www.facebook.com\/Fadel-Sociedade-de-Advogados-100621098736658\/\" \/>\n<meta property=\"article:modified_time\" content=\"2021-04-08T20:12:47+00:00\" \/>\n<meta name=\"twitter:card\" content=\"summary_large_image\" \/>\n<script type=\"application\/ld+json\" class=\"yoast-schema-graph\">{\"@context\":\"https:\/\/schema.org\",\"@graph\":[{\"@type\":\"WebPage\",\"@id\":\"https:\/\/ffadel.com.br\/artigos\/contato\/\",\"url\":\"https:\/\/ffadel.com.br\/artigos\/contato\/\",\"name\":\"Contato - Bem-vindo ao nosso blog jur\u00eddico!\",\"isPartOf\":{\"@id\":\"https:\/\/ffadel.com.br\/artigos\/#website\"},\"datePublished\":\"2021-03-25T19:21:49+00:00\",\"dateModified\":\"2021-04-08T20:12:47+00:00\",\"breadcrumb\":{\"@id\":\"https:\/\/ffadel.com.br\/artigos\/contato\/#breadcrumb\"},\"inLanguage\":\"pt-BR\",\"potentialAction\":[{\"@type\":\"ReadAction\",\"target\":[\"https:\/\/ffadel.com.br\/artigos\/contato\/\"]}]},{\"@type\":\"BreadcrumbList\",\"@id\":\"https:\/\/ffadel.com.br\/artigos\/contato\/#breadcrumb\",\"itemListElement\":[{\"@type\":\"ListItem\",\"position\":1,\"name\":\"In\u00edcio\",\"item\":\"https:\/\/ffadel.com.br\/artigos\/\"},{\"@type\":\"ListItem\",\"position\":2,\"name\":\"Contato\"}]},{\"@type\":\"WebSite\",\"@id\":\"https:\/\/ffadel.com.br\/artigos\/#website\",\"url\":\"https:\/\/ffadel.com.br\/artigos\/\",\"name\":\"Bem-vindo ao nosso blog jur\u00eddico!\",\"description\":\"Nossa pa\u0301gina foi criada para disseminar conteu\u0301do pra\u0301tico e reflexivo. \",\"publisher\":{\"@id\":\"https:\/\/ffadel.com.br\/artigos\/#organization\"},\"potentialAction\":[{\"@type\":\"SearchAction\",\"target\":{\"@type\":\"EntryPoint\",\"urlTemplate\":\"https:\/\/ffadel.com.br\/artigos\/?s={search_term_string}\"},\"query-input\":\"required name=search_term_string\"}],\"inLanguage\":\"pt-BR\"},{\"@type\":\"Organization\",\"@id\":\"https:\/\/ffadel.com.br\/artigos\/#organization\",\"name\":\"Fadel - Sociedade de Advogados\",\"url\":\"https:\/\/ffadel.com.br\/artigos\/\",\"logo\":{\"@type\":\"ImageObject\",\"inLanguage\":\"pt-BR\",\"@id\":\"https:\/\/ffadel.com.br\/artigos\/#\/schema\/logo\/image\/\",\"url\":\"http:\/\/ffadel.com.br\/artigos\/wp-content\/uploads\/2021\/04\/cropped-Copia-de-Copia-de-Copia-de-Design-sem-nome-ll.png\",\"contentUrl\":\"http:\/\/ffadel.com.br\/artigos\/wp-content\/uploads\/2021\/04\/cropped-Copia-de-Copia-de-Copia-de-Design-sem-nome-ll.png\",\"width\":119,\"height\":113,\"caption\":\"Fadel - Sociedade de Advogados\"},\"image\":{\"@id\":\"https:\/\/ffadel.com.br\/artigos\/#\/schema\/logo\/image\/\"},\"sameAs\":[\"https:\/\/www.facebook.com\/Fadel-Sociedade-de-Advogados-100621098736658\/\",\"https:\/\/www.instagram.com\/fadel_sociedadedeadv\/?igshid=d0vnm1fj9rzx\",\"https:\/\/www.linkedin.com\/company\/fadel-sociedade-de-advogados\",\"https:\/\/www.youtube.com\/channel\/UCm8zgSNayG5OWtCm3DDA9zA\"]}]}<\/script>\n<!-- \/ Yoast SEO plugin. -->","yoast_head_json":{"title":"Contato - Bem-vindo ao nosso blog jur\u00eddico!","robots":{"index":"index","follow":"follow","max-snippet":"max-snippet:-1","max-image-preview":"max-image-preview:large","max-video-preview":"max-video-preview:-1"},"canonical":"https:\/\/ffadel.com.br\/artigos\/contato\/","og_locale":"pt_BR","og_type":"article","og_title":"Contato - Bem-vindo ao nosso blog jur\u00eddico!","og_description":"Nosso telefone para contato \u00e9 (11) 93036-4701. Mas se preferir, entre em contato atrav\u00e9s do link e seja redirecionado ao nosso WhatsApp Business: https:\/\/linktr.ee\/Fadel_Sociedadedeadv Ser\u00e1 um prazer atend\u00ea-lo.","og_url":"https:\/\/ffadel.com.br\/artigos\/contato\/","og_site_name":"Bem-vindo ao nosso blog jur\u00eddico!","article_publisher":"https:\/\/www.facebook.com\/Fadel-Sociedade-de-Advogados-100621098736658\/","article_modified_time":"2021-04-08T20:12:47+00:00","twitter_card":"summary_large_image","schema":{"@context":"https:\/\/schema.org","@graph":[{"@type":"WebPage","@id":"https:\/\/ffadel.com.br\/artigos\/contato\/","url":"https:\/\/ffadel.com.br\/artigos\/contato\/","name":"Contato - Bem-vindo ao nosso blog jur\u00eddico!","isPartOf":{"@id":"https:\/\/ffadel.com.br\/artigos\/#website"},"datePublished":"2021-03-25T19:21:49+00:00","dateModified":"2021-04-08T20:12:47+00:00","breadcrumb":{"@id":"https:\/\/ffadel.com.br\/artigos\/contato\/#breadcrumb"},"inLanguage":"pt-BR","potentialAction":[{"@type":"ReadAction","target":["https:\/\/ffadel.com.br\/artigos\/contato\/"]}]},{"@type":"BreadcrumbList","@id":"https:\/\/ffadel.com.br\/artigos\/contato\/#breadcrumb","itemListElement":[{"@type":"ListItem","position":1,"name":"In\u00edcio","item":"https:\/\/ffadel.com.br\/artigos\/"},{"@type":"ListItem","position":2,"name":"Contato"}]},{"@type":"WebSite","@id":"https:\/\/ffadel.com.br\/artigos\/#website","url":"https:\/\/ffadel.com.br\/artigos\/","name":"Bem-vindo ao nosso blog jur\u00eddico!","description":"Nossa pa\u0301gina foi criada para disseminar conteu\u0301do pra\u0301tico e reflexivo. ","publisher":{"@id":"https:\/\/ffadel.com.br\/artigos\/#organization"},"potentialAction":[{"@type":"SearchAction","target":{"@type":"EntryPoint","urlTemplate":"https:\/\/ffadel.com.br\/artigos\/?s={search_term_string}"},"query-input":"required name=search_term_string"}],"inLanguage":"pt-BR"},{"@type":"Organization","@id":"https:\/\/ffadel.com.br\/artigos\/#organization","name":"Fadel - Sociedade de Advogados","url":"https:\/\/ffadel.com.br\/artigos\/","logo":{"@type":"ImageObject","inLanguage":"pt-BR","@id":"https:\/\/ffadel.com.br\/artigos\/#\/schema\/logo\/image\/","url":"http:\/\/ffadel.com.br\/artigos\/wp-content\/uploads\/2021\/04\/cropped-Copia-de-Copia-de-Copia-de-Design-sem-nome-ll.png","contentUrl":"http:\/\/ffadel.com.br\/artigos\/wp-content\/uploads\/2021\/04\/cropped-Copia-de-Copia-de-Copia-de-Design-sem-nome-ll.png","width":119,"height":113,"caption":"Fadel - Sociedade de Advogados"},"image":{"@id":"https:\/\/ffadel.com.br\/artigos\/#\/schema\/logo\/image\/"},"sameAs":["https:\/\/www.facebook.com\/Fadel-Sociedade-de-Advogados-100621098736658\/","https:\/\/www.instagram.com\/fadel_sociedadedeadv\/?igshid=d0vnm1fj9rzx","https:\/\/www.linkedin.com\/company\/fadel-sociedade-de-advogados","https:\/\/www.youtube.com\/channel\/UCm8zgSNayG5OWtCm3DDA9zA"]}]}},"_links":{"self":[{"href":"https:\/\/ffadel.com.br\/artigos\/wp-json\/wp\/v2\/pages\/12","targetHints":{"allow":["GET"]}}],"collection":[{"href":"https:\/\/ffadel.com.br\/artigos\/wp-json\/wp\/v2\/pages"}],"about":[{"href":"https:\/\/ffadel.com.br\/artigos\/wp-json\/wp\/v2\/types\/page"}],"author":[{"embeddable":true,"href":"https:\/\/ffadel.com.br\/artigos\/wp-json\/wp\/v2\/users\/1"}],"replies":[{"embeddable":true,"href":"https:\/\/ffadel.com.br\/artigos\/wp-json\/wp\/v2\/comments?post=12"}],"version-history":[{"count":4,"href":"https:\/\/ffadel.com.br\/artigos\/wp-json\/wp\/v2\/pages\/12\/revisions"}],"predecessor-version":[{"id":64,"href":"https:\/\/ffadel.com.br\/artigos\/wp-json\/wp\/v2\/pages\/12\/revisions\/64"}],"wp:attachment":[{"href":"https:\/\/ffadel.com.br\/artigos\/wp-json\/wp\/v2\/media?parent=12"}],"curies":[{"name":"wp","href":"https:\/\/api.w.org\/{rel}","templated":true}]}}