{"id":11,"date":"2021-03-25T16:21:49","date_gmt":"2021-03-25T19:21:49","guid":{"rendered":"http:\/\/ffadel.com.br\/artigos\/?page_id=11"},"modified":"2021-04-21T17:30:17","modified_gmt":"2021-04-21T20:30:17","slug":"sobre","status":"publish","type":"page","link":"https:\/\/ffadel.com.br\/artigos\/sobre\/","title":{"rendered":"Quem somos"},"content":{"rendered":"\n<p class=\"has-text-align-center\">Somos um escrito\u0301rio de advocacia que nasceu para servir e ajudar empresas de pequeno e me\u0301dio porte, de a\u0302mbito familiar, a crescerem de forma so\u0301lida e segura.<\/p>\n\n\n\n<p class=\"has-text-align-center\">Atuamos no ramo empresarial e suas ramifica\u00e7\u00f5es nas \u00e1reas do Direito Civil, Direito do Trabalho, Direito Empresarial, Direito Administrativo e Tribut\u00e1rio.<\/p>\n\n\n\n<p class=\"has-text-align-center\"><br>Focados em cuidar de forma minimalista de seus clientes, atuando no preventivo, consultivo e contencioso. O prop\u00f3sito \u00e9 tornar o caminho menos burocr\u00e1tico, a fim de proporcionar solu\u00e7\u00f5es consistentes e positivas, acompanhando a mudan\u00e7a constante do mercado.<\/p>\n\n\n\n<p class=\"has-text-align-center\"><br>Seguran\u00e7a, Transpar\u00eancia e Agilidade: esses s\u00e3o os nossos principais princ\u00edpios.<br><\/p>\n\n\n\n<p class=\"has-text-align-center\">Estamos \u00e0 disposi\u00e7\u00e3o.<\/p>\n\n\n\n<p>Quer saber mais? Acesse: <a href=\"https:\/\/linktr.ee\/Fadel_Sociedadedeadv\">https:\/\/linktr.ee\/Fadel_Sociedadedeadv<\/a><\/p>\n\n\n\n<p><\/p>\n\n\n\n<p><\/p>\n","protected":false},"excerpt":{"rendered":"<p>Somos um escrito\u0301rio de advocacia que nasceu para servir e ajudar empresas de pequeno e me\u0301dio porte, de a\u0302mbito familiar, a crescerem de forma so\u0301lida e segura. Atuamos no ramo empresarial e suas ramifica\u00e7\u00f5es nas \u00e1reas do Direito Civil, Direito do Trabalho, Direito Empresarial, Direito Administrativo e Tribut\u00e1rio. Focados em cuidar de forma minimalista de&hellip;<\/p>\n","protected":false},"author":1,"featured_media":0,"parent":0,"menu_order":0,"comment_status":"closed","ping_status":"closed","template":"","meta":{"footnotes":""},"class_list":["post-11","page","type-page","status-publish","hentry"],"yoast_head":"<!-- This site is optimized with the Yoast SEO plugin v23.0 - https:\/\/yoast.com\/wordpress\/plugins\/seo\/ -->\n<title>Quem somos - Bem-vindo ao nosso blog jur\u00eddico!<\/title>\n<meta name=\"robots\" content=\"index, follow, max-snippet:-1, max-image-preview:large, max-video-preview:-1\" \/>\n<link rel=\"canonical\" href=\"https:\/\/ffadel.com.br\/artigos\/sobre\/\" \/>\n<meta property=\"og:locale\" content=\"pt_BR\" \/>\n<meta property=\"og:type\" content=\"article\" \/>\n<meta property=\"og:title\" content=\"Quem somos - Bem-vindo ao nosso blog jur\u00eddico!\" \/>\n<meta property=\"og:description\" content=\"Somos um escrito\u0301rio de advocacia que nasceu para servir e ajudar empresas de pequeno e me\u0301dio porte, de a\u0302mbito familiar, a crescerem de forma so\u0301lida e segura. Atuamos no ramo empresarial e suas ramifica\u00e7\u00f5es nas \u00e1reas do Direito Civil, Direito do Trabalho, Direito Empresarial, Direito Administrativo e Tribut\u00e1rio. Focados em cuidar de forma minimalista de&hellip;\" \/>\n<meta property=\"og:url\" content=\"https:\/\/ffadel.com.br\/artigos\/sobre\/\" \/>\n<meta property=\"og:site_name\" content=\"Bem-vindo ao nosso blog jur\u00eddico!\" \/>\n<meta property=\"article:publisher\" content=\"https:\/\/www.facebook.com\/Fadel-Sociedade-de-Advogados-100621098736658\/\" \/>\n<meta property=\"article:modified_time\" content=\"2021-04-21T20:30:17+00:00\" \/>\n<meta name=\"twitter:card\" content=\"summary_large_image\" \/>\n<meta name=\"twitter:label1\" content=\"Est. tempo de leitura\" \/>\n\t<meta name=\"twitter:data1\" content=\"1 minuto\" \/>\n<script type=\"application\/ld+json\" class=\"yoast-schema-graph\">{\"@context\":\"https:\/\/schema.org\",\"@graph\":[{\"@type\":\"WebPage\",\"@id\":\"https:\/\/ffadel.com.br\/artigos\/sobre\/\",\"url\":\"https:\/\/ffadel.com.br\/artigos\/sobre\/\",\"name\":\"Quem somos - Bem-vindo ao nosso blog jur\u00eddico!\",\"isPartOf\":{\"@id\":\"https:\/\/ffadel.com.br\/artigos\/#website\"},\"datePublished\":\"2021-03-25T19:21:49+00:00\",\"dateModified\":\"2021-04-21T20:30:17+00:00\",\"breadcrumb\":{\"@id\":\"https:\/\/ffadel.com.br\/artigos\/sobre\/#breadcrumb\"},\"inLanguage\":\"pt-BR\",\"potentialAction\":[{\"@type\":\"ReadAction\",\"target\":[\"https:\/\/ffadel.com.br\/artigos\/sobre\/\"]}]},{\"@type\":\"BreadcrumbList\",\"@id\":\"https:\/\/ffadel.com.br\/artigos\/sobre\/#breadcrumb\",\"itemListElement\":[{\"@type\":\"ListItem\",\"position\":1,\"name\":\"In\u00edcio\",\"item\":\"https:\/\/ffadel.com.br\/artigos\/\"},{\"@type\":\"ListItem\",\"position\":2,\"name\":\"Quem somos\"}]},{\"@type\":\"WebSite\",\"@id\":\"https:\/\/ffadel.com.br\/artigos\/#website\",\"url\":\"https:\/\/ffadel.com.br\/artigos\/\",\"name\":\"Bem-vindo ao nosso blog jur\u00eddico!\",\"description\":\"Nossa pa\u0301gina foi criada para disseminar conteu\u0301do pra\u0301tico e reflexivo. \",\"publisher\":{\"@id\":\"https:\/\/ffadel.com.br\/artigos\/#organization\"},\"potentialAction\":[{\"@type\":\"SearchAction\",\"target\":{\"@type\":\"EntryPoint\",\"urlTemplate\":\"https:\/\/ffadel.com.br\/artigos\/?s={search_term_string}\"},\"query-input\":\"required name=search_term_string\"}],\"inLanguage\":\"pt-BR\"},{\"@type\":\"Organization\",\"@id\":\"https:\/\/ffadel.com.br\/artigos\/#organization\",\"name\":\"Fadel - Sociedade de Advogados\",\"url\":\"https:\/\/ffadel.com.br\/artigos\/\",\"logo\":{\"@type\":\"ImageObject\",\"inLanguage\":\"pt-BR\",\"@id\":\"https:\/\/ffadel.com.br\/artigos\/#\/schema\/logo\/image\/\",\"url\":\"http:\/\/ffadel.com.br\/artigos\/wp-content\/uploads\/2021\/04\/cropped-Copia-de-Copia-de-Copia-de-Design-sem-nome-ll.png\",\"contentUrl\":\"http:\/\/ffadel.com.br\/artigos\/wp-content\/uploads\/2021\/04\/cropped-Copia-de-Copia-de-Copia-de-Design-sem-nome-ll.png\",\"width\":119,\"height\":113,\"caption\":\"Fadel - Sociedade de Advogados\"},\"image\":{\"@id\":\"https:\/\/ffadel.com.br\/artigos\/#\/schema\/logo\/image\/\"},\"sameAs\":[\"https:\/\/www.facebook.com\/Fadel-Sociedade-de-Advogados-100621098736658\/\",\"https:\/\/www.instagram.com\/fadel_sociedadedeadv\/?igshid=d0vnm1fj9rzx\",\"https:\/\/www.linkedin.com\/company\/fadel-sociedade-de-advogados\",\"https:\/\/www.youtube.com\/channel\/UCm8zgSNayG5OWtCm3DDA9zA\"]}]}<\/script>\n<!-- \/ Yoast SEO plugin. -->","yoast_head_json":{"title":"Quem somos - Bem-vindo ao nosso blog jur\u00eddico!","robots":{"index":"index","follow":"follow","max-snippet":"max-snippet:-1","max-image-preview":"max-image-preview:large","max-video-preview":"max-video-preview:-1"},"canonical":"https:\/\/ffadel.com.br\/artigos\/sobre\/","og_locale":"pt_BR","og_type":"article","og_title":"Quem somos - Bem-vindo ao nosso blog jur\u00eddico!","og_description":"Somos um escrito\u0301rio de advocacia que nasceu para servir e ajudar empresas de pequeno e me\u0301dio porte, de a\u0302mbito familiar, a crescerem de forma so\u0301lida e segura. Atuamos no ramo empresarial e suas ramifica\u00e7\u00f5es nas \u00e1reas do Direito Civil, Direito do Trabalho, Direito Empresarial, Direito Administrativo e Tribut\u00e1rio. Focados em cuidar de forma minimalista de&hellip;","og_url":"https:\/\/ffadel.com.br\/artigos\/sobre\/","og_site_name":"Bem-vindo ao nosso blog jur\u00eddico!","article_publisher":"https:\/\/www.facebook.com\/Fadel-Sociedade-de-Advogados-100621098736658\/","article_modified_time":"2021-04-21T20:30:17+00:00","twitter_card":"summary_large_image","twitter_misc":{"Est. tempo de leitura":"1 minuto"},"schema":{"@context":"https:\/\/schema.org","@graph":[{"@type":"WebPage","@id":"https:\/\/ffadel.com.br\/artigos\/sobre\/","url":"https:\/\/ffadel.com.br\/artigos\/sobre\/","name":"Quem somos - Bem-vindo ao nosso blog jur\u00eddico!","isPartOf":{"@id":"https:\/\/ffadel.com.br\/artigos\/#website"},"datePublished":"2021-03-25T19:21:49+00:00","dateModified":"2021-04-21T20:30:17+00:00","breadcrumb":{"@id":"https:\/\/ffadel.com.br\/artigos\/sobre\/#breadcrumb"},"inLanguage":"pt-BR","potentialAction":[{"@type":"ReadAction","target":["https:\/\/ffadel.com.br\/artigos\/sobre\/"]}]},{"@type":"BreadcrumbList","@id":"https:\/\/ffadel.com.br\/artigos\/sobre\/#breadcrumb","itemListElement":[{"@type":"ListItem","position":1,"name":"In\u00edcio","item":"https:\/\/ffadel.com.br\/artigos\/"},{"@type":"ListItem","position":2,"name":"Quem somos"}]},{"@type":"WebSite","@id":"https:\/\/ffadel.com.br\/artigos\/#website","url":"https:\/\/ffadel.com.br\/artigos\/","name":"Bem-vindo ao nosso blog jur\u00eddico!","description":"Nossa pa\u0301gina foi criada para disseminar conteu\u0301do pra\u0301tico e reflexivo. ","publisher":{"@id":"https:\/\/ffadel.com.br\/artigos\/#organization"},"potentialAction":[{"@type":"SearchAction","target":{"@type":"EntryPoint","urlTemplate":"https:\/\/ffadel.com.br\/artigos\/?s={search_term_string}"},"query-input":"required name=search_term_string"}],"inLanguage":"pt-BR"},{"@type":"Organization","@id":"https:\/\/ffadel.com.br\/artigos\/#organization","name":"Fadel - Sociedade de Advogados","url":"https:\/\/ffadel.com.br\/artigos\/","logo":{"@type":"ImageObject","inLanguage":"pt-BR","@id":"https:\/\/ffadel.com.br\/artigos\/#\/schema\/logo\/image\/","url":"http:\/\/ffadel.com.br\/artigos\/wp-content\/uploads\/2021\/04\/cropped-Copia-de-Copia-de-Copia-de-Design-sem-nome-ll.png","contentUrl":"http:\/\/ffadel.com.br\/artigos\/wp-content\/uploads\/2021\/04\/cropped-Copia-de-Copia-de-Copia-de-Design-sem-nome-ll.png","width":119,"height":113,"caption":"Fadel - Sociedade de Advogados"},"image":{"@id":"https:\/\/ffadel.com.br\/artigos\/#\/schema\/logo\/image\/"},"sameAs":["https:\/\/www.facebook.com\/Fadel-Sociedade-de-Advogados-100621098736658\/","https:\/\/www.instagram.com\/fadel_sociedadedeadv\/?igshid=d0vnm1fj9rzx","https:\/\/www.linkedin.com\/company\/fadel-sociedade-de-advogados","https:\/\/www.youtube.com\/channel\/UCm8zgSNayG5OWtCm3DDA9zA"]}]}},"_links":{"self":[{"href":"https:\/\/ffadel.com.br\/artigos\/wp-json\/wp\/v2\/pages\/11","targetHints":{"allow":["GET"]}}],"collection":[{"href":"https:\/\/ffadel.com.br\/artigos\/wp-json\/wp\/v2\/pages"}],"about":[{"href":"https:\/\/ffadel.com.br\/artigos\/wp-json\/wp\/v2\/types\/page"}],"author":[{"embeddable":true,"href":"https:\/\/ffadel.com.br\/artigos\/wp-json\/wp\/v2\/users\/1"}],"replies":[{"embeddable":true,"href":"https:\/\/ffadel.com.br\/artigos\/wp-json\/wp\/v2\/comments?post=11"}],"version-history":[{"count":10,"href":"https:\/\/ffadel.com.br\/artigos\/wp-json\/wp\/v2\/pages\/11\/revisions"}],"predecessor-version":[{"id":188,"href":"https:\/\/ffadel.com.br\/artigos\/wp-json\/wp\/v2\/pages\/11\/revisions\/188"}],"wp:attachment":[{"href":"https:\/\/ffadel.com.br\/artigos\/wp-json\/wp\/v2\/media?parent=11"}],"curies":[{"name":"wp","href":"https:\/\/api.w.org\/{rel}","templated":true}]}}